{"id":6636,"date":"2025-07-15T19:53:40","date_gmt":"2025-07-15T17:53:40","guid":{"rendered":"https:\/\/bestkorb.com\/?post_type=product&#038;p=6636"},"modified":"2026-02-11T17:12:30","modified_gmt":"2026-02-11T16:12:30","slug":"handgemachter-rattankorb-65-liter","status":"publish","type":"product","link":"https:\/\/bestkorb.com\/index.php\/product\/handgemachter-rattankorb-65-liter\/","title":{"rendered":"Handgemachter Rattankorb 65 Liter"},"content":{"rendered":"<p class=\"\" data-start=\"148\" data-end=\"421\"><strong data-start=\"148\" data-end=\"226\">Stilvoll, robust und vielseitig einsetzbar \u2013 f\u00fcr dein gem\u00fctliches Zuhause!<\/strong><br data-start=\"226\" data-end=\"229\" \/>Unsere handgeflochtene Kiste aus hochwertigem Polyrattan ist nicht nur ideal zur Aufbewahrung von Kaminholz, sondern eignet sich auch perfekt als gro\u00dfer Pflanzkorb f\u00fcr Blumen und Gr\u00fcnpflanzen.<\/p>\n<p class=\"\" data-start=\"423\" data-end=\"645\"><br data-start=\"446\" data-end=\"449\" \/>\ud83d\udda4 <strong data-start=\"452\" data-end=\"464\">Volumen:<\/strong> ca. 65 Liter<br data-start=\"477\" data-end=\"480\" \/>\ud83d\udda4 <strong data-start=\"483\" data-end=\"496\">Material:<\/strong> Handgeflochtenes Polyrattan<br data-start=\"524\" data-end=\"527\" \/>\ud83d\udda4 <strong data-start=\"530\" data-end=\"548\">Eigenschaften:<\/strong> stabil, leicht, wetterfest &amp; dekorativ<br data-start=\"587\" data-end=\"590\" \/>\ud83d\udda4 <strong data-start=\"593\" data-end=\"645\">Jedes St\u00fcck ein Unikat \u2013 mit Liebe handgefertigt<\/strong><\/p>\n<p class=\"\" data-start=\"647\" data-end=\"805\">Ob im Wohnzimmer, auf dem Balkon oder im Garten \u2013 diese Korb passt sich stilvoll jeder Umgebung an. Ideal f\u00fcr Holz, Pflanzen oder als besonderes Deko-Element.<\/p>\n<p>Erh\u00e4ltlich in 8 Farben.<br \/>\nFarben und Schattierungen k\u00f6nnen je nach Monitoreinstellungen variieren.<\/p>\n<p>&nbsp;<\/p>\n<p>65 Liter ( L: ca. 75 cm, B: ca. 42 cm, H\u00f6he ca. 31 cm)<\/p>\n","protected":false},"excerpt":{"rendered":"<p>Stilvoll, robust und vielseitig einsetzbar \u2013 f\u00fcr dein gem\u00fctliches Zuhause!Unsere handgeflochtene Kiste aus hochwertigem Polyrattan ist nicht nur ideal zur Aufbewahrung von Kaminholz, sondern eignet sich auch perfekt als gro\u00dfer Pflanzkorb f\u00fcr Blumen und Gr\u00fcnpflanzen. \ud83d\udda4 Volumen: ca. 65 Liter\ud83d\udda4 Material: Handgeflochtenes Polyrattan\ud83d\udda4 Eigenschaften: stabil, leicht, wetterfest &amp; dekorativ\ud83d\udda4 Jedes St\u00fcck ein Unikat \u2013 mit &hellip;<\/p>\n<p class=\"read-more\"> <a class=\"\" href=\"https:\/\/bestkorb.com\/index.php\/product\/handgemachter-rattankorb-65-liter\/\"> <span class=\"screen-reader-text\">Handgemachter Rattankorb 65 Liter<\/span> Weiterlesen &raquo;<\/a><\/p>\n","protected":false},"featured_media":6655,"comment_status":"open","ping_status":"closed","template":"","meta":{"om_disable_all_campaigns":false,"_monsterinsights_skip_tracking":false,"_monsterinsights_sitenote_active":false,"_monsterinsights_sitenote_note":"","_monsterinsights_sitenote_category":0,"site-sidebar-layout":"default","site-content-layout":"","ast-site-content-layout":"default","site-content-style":"default","site-sidebar-style":"default","ast-global-header-display":"","ast-banner-title-visibility":"","ast-main-header-display":"","ast-hfb-above-header-display":"","ast-hfb-below-header-display":"","ast-hfb-mobile-header-display":"","site-post-title":"","ast-breadcrumbs-content":"","ast-featured-img":"","footer-sml-layout":"","theme-transparent-header-meta":"default","adv-header-id-meta":"","stick-header-meta":"","header-above-stick-meta":"","header-main-stick-meta":"","header-below-stick-meta":"","astra-migrate-meta-layouts":"set","ast-page-background-enabled":"default","ast-page-background-meta":{"desktop":{"background-color":"","background-image":"","background-repeat":"repeat","background-position":"center center","background-size":"auto","background-attachment":"scroll","background-type":"","background-media":"","overlay-type":"","overlay-color":"","overlay-gradient":""},"tablet":{"background-color":"","background-image":"","background-repeat":"repeat","background-position":"center center","background-size":"auto","background-attachment":"scroll","background-type":"","background-media":"","overlay-type":"","overlay-color":"","overlay-gradient":""},"mobile":{"background-color":"","background-image":"","background-repeat":"repeat","background-position":"center center","background-size":"auto","background-attachment":"scroll","background-type":"","background-media":"","overlay-type":"","overlay-color":"","overlay-gradient":""}},"ast-content-background-meta":{"desktop":{"background-color":"var(--ast-global-color-5)","background-image":"","background-repeat":"repeat","background-position":"center center","background-size":"auto","background-attachment":"scroll","background-type":"","background-media":"","overlay-type":"","overlay-color":"","overlay-gradient":""},"tablet":{"background-color":"var(--ast-global-color-5)","background-image":"","background-repeat":"repeat","background-position":"center center","background-size":"auto","background-attachment":"scroll","background-type":"","background-media":"","overlay-type":"","overlay-color":"","overlay-gradient":""},"mobile":{"background-color":"var(--ast-global-color-5)","background-image":"","background-repeat":"repeat","background-position":"center center","background-size":"auto","background-attachment":"scroll","background-type":"","background-media":"","overlay-type":"","overlay-color":"","overlay-gradient":""}},"_joinchat":[]},"product_cat":[21],"product_tag":[],"aioseo_notices":[],"_links":{"self":[{"href":"https:\/\/bestkorb.com\/index.php\/wp-json\/wp\/v2\/product\/6636"}],"collection":[{"href":"https:\/\/bestkorb.com\/index.php\/wp-json\/wp\/v2\/product"}],"about":[{"href":"https:\/\/bestkorb.com\/index.php\/wp-json\/wp\/v2\/types\/product"}],"replies":[{"embeddable":true,"href":"https:\/\/bestkorb.com\/index.php\/wp-json\/wp\/v2\/comments?post=6636"}],"version-history":[{"count":1,"href":"https:\/\/bestkorb.com\/index.php\/wp-json\/wp\/v2\/product\/6636\/revisions"}],"predecessor-version":[{"id":6649,"href":"https:\/\/bestkorb.com\/index.php\/wp-json\/wp\/v2\/product\/6636\/revisions\/6649"}],"wp:featuredmedia":[{"embeddable":true,"href":"https:\/\/bestkorb.com\/index.php\/wp-json\/wp\/v2\/media\/6655"}],"wp:attachment":[{"href":"https:\/\/bestkorb.com\/index.php\/wp-json\/wp\/v2\/media?parent=6636"}],"wp:term":[{"taxonomy":"product_cat","embeddable":true,"href":"https:\/\/bestkorb.com\/index.php\/wp-json\/wp\/v2\/product_cat?post=6636"},{"taxonomy":"product_tag","embeddable":true,"href":"https:\/\/bestkorb.com\/index.php\/wp-json\/wp\/v2\/product_tag?post=6636"}],"curies":[{"name":"wp","href":"https:\/\/api.w.org\/{rel}","templated":true}]}}