{"id":6392,"date":"2025-05-22T21:25:56","date_gmt":"2025-05-22T19:25:56","guid":{"rendered":"https:\/\/bestkorb.com\/?post_type=product&#038;p=6392"},"modified":"2026-02-11T17:12:32","modified_gmt":"2026-02-11T16:12:32","slug":"handgefertigter-rattan-blumenkorb-wetterfest","status":"publish","type":"product","link":"https:\/\/bestkorb.com\/index.php\/product\/handgefertigter-rattan-blumenkorb-wetterfest\/","title":{"rendered":"Handgefertigter Rattan-Blumenkorb \u2013 wetterfest"},"content":{"rendered":"<p><img decoding=\"async\" class=\"emoji emoji-image\" src=\"https:\/\/web.telegram.org\/k\/assets\/img\/emoji\/2705.png\" alt=\"\u2705\" \/> Handarbeit \u2013 jedes St\u00fcck ein Unikat<\/p>\n<p><img decoding=\"async\" class=\"emoji emoji-image\" src=\"https:\/\/web.telegram.org\/k\/assets\/img\/emoji\/2705.png\" alt=\"\u2705\" \/> Wetterfest &amp; UV-best\u00e4ndig \u2013 f\u00fcr den dauerhaften Einsatz im Freien<\/p>\n<p><img decoding=\"async\" class=\"emoji emoji-image\" src=\"https:\/\/web.telegram.org\/k\/assets\/img\/emoji\/2705.png\" alt=\"\u2705\" \/> Leicht &amp; stabil \u2013 einfach zu transportieren, aber robust<\/p>\n<p><img decoding=\"async\" class=\"emoji emoji-image\" src=\"https:\/\/web.telegram.org\/k\/assets\/img\/emoji\/2705.png\" alt=\"\u2705\" \/> Vielseitig einsetzbar \u2013 als Tischdeko, H\u00e4ngekorb oder Bodengef\u00e4\u00df<\/p>\n<p><img decoding=\"async\" class=\"emoji emoji-image\" src=\"https:\/\/web.telegram.org\/k\/assets\/img\/emoji\/2705.png\" alt=\"\u2705\" \/> Sch\u00f6nes Design \u2013 in klassischer Rattan-Optik, passt zu jedem Gartenstil<\/p>\n<p>Ma\u00dfe: ca. \u00d8 37 cm x H 17 cm<\/p>\n<p>Vielseitiges Design: Die T\u00f6pfe sind so gestaltet, dass sie sich nahtlos in verschiedene Einrichtungsstile integrieren lassen. Ob drinnen oder drau\u00dfen, sie schaffen eine harmonische Verbindung zwischen Natur und Ihrem Wohnraum.<\/p>\n<p>Verrottet nicht, bricht nicht, wird nicht nass, verblasst nicht in der Sonne. H\u00e4lt Temperaturen von -50 Grad Celsius bis +50 Grad Celsius stand.<br \/>\nKann drau\u00dfen oder drinnen sein. Sie k\u00f6nnen sofort Pflanzen darin einpflanzen.<\/p>\n<p>Erh\u00e4ltlich in 8 Farben.<br \/>\nFarben und Schattierungen k\u00f6nnen je nach Monitoreinstellungen variieren.<\/p>\n<p>Lieferung ohne Pflanzen<\/p>\n<p>&nbsp;<\/p>\n<p>&nbsp;<\/p>\n","protected":false},"excerpt":{"rendered":"<p>Handarbeit \u2013 jedes St\u00fcck ein Unikat Wetterfest &amp; UV-best\u00e4ndig \u2013 f\u00fcr den dauerhaften Einsatz im Freien Leicht &amp; stabil \u2013 einfach zu transportieren, aber robust Vielseitig einsetzbar \u2013 als Tischdeko, H\u00e4ngekorb oder Bodengef\u00e4\u00df Sch\u00f6nes Design \u2013 in klassischer Rattan-Optik, passt zu jedem Gartenstil Ma\u00dfe: ca. \u00d8 37 cm x H 17 cm Vielseitiges Design: Die &hellip;<\/p>\n<p class=\"read-more\"> <a class=\"\" href=\"https:\/\/bestkorb.com\/index.php\/product\/handgefertigter-rattan-blumenkorb-wetterfest\/\"> <span class=\"screen-reader-text\">Handgefertigter Rattan-Blumenkorb \u2013 wetterfest<\/span> Weiterlesen &raquo;<\/a><\/p>\n","protected":false},"featured_media":6406,"comment_status":"open","ping_status":"closed","template":"","meta":{"om_disable_all_campaigns":false,"_monsterinsights_skip_tracking":false,"_monsterinsights_sitenote_active":false,"_monsterinsights_sitenote_note":"","_monsterinsights_sitenote_category":0,"site-sidebar-layout":"default","site-content-layout":"","ast-site-content-layout":"default","site-content-style":"default","site-sidebar-style":"default","ast-global-header-display":"","ast-banner-title-visibility":"","ast-main-header-display":"","ast-hfb-above-header-display":"","ast-hfb-below-header-display":"","ast-hfb-mobile-header-display":"","site-post-title":"","ast-breadcrumbs-content":"","ast-featured-img":"","footer-sml-layout":"","theme-transparent-header-meta":"default","adv-header-id-meta":"","stick-header-meta":"","header-above-stick-meta":"","header-main-stick-meta":"","header-below-stick-meta":"","astra-migrate-meta-layouts":"set","ast-page-background-enabled":"default","ast-page-background-meta":{"desktop":{"background-color":"","background-image":"","background-repeat":"repeat","background-position":"center center","background-size":"auto","background-attachment":"scroll","background-type":"","background-media":"","overlay-type":"","overlay-color":"","overlay-gradient":""},"tablet":{"background-color":"","background-image":"","background-repeat":"repeat","background-position":"center center","background-size":"auto","background-attachment":"scroll","background-type":"","background-media":"","overlay-type":"","overlay-color":"","overlay-gradient":""},"mobile":{"background-color":"","background-image":"","background-repeat":"repeat","background-position":"center center","background-size":"auto","background-attachment":"scroll","background-type":"","background-media":"","overlay-type":"","overlay-color":"","overlay-gradient":""}},"ast-content-background-meta":{"desktop":{"background-color":"var(--ast-global-color-5)","background-image":"","background-repeat":"repeat","background-position":"center center","background-size":"auto","background-attachment":"scroll","background-type":"","background-media":"","overlay-type":"","overlay-color":"","overlay-gradient":""},"tablet":{"background-color":"var(--ast-global-color-5)","background-image":"","background-repeat":"repeat","background-position":"center center","background-size":"auto","background-attachment":"scroll","background-type":"","background-media":"","overlay-type":"","overlay-color":"","overlay-gradient":""},"mobile":{"background-color":"var(--ast-global-color-5)","background-image":"","background-repeat":"repeat","background-position":"center center","background-size":"auto","background-attachment":"scroll","background-type":"","background-media":"","overlay-type":"","overlay-color":"","overlay-gradient":""}},"_joinchat":[]},"product_cat":[21],"product_tag":[],"aioseo_notices":[],"_links":{"self":[{"href":"https:\/\/bestkorb.com\/index.php\/wp-json\/wp\/v2\/product\/6392"}],"collection":[{"href":"https:\/\/bestkorb.com\/index.php\/wp-json\/wp\/v2\/product"}],"about":[{"href":"https:\/\/bestkorb.com\/index.php\/wp-json\/wp\/v2\/types\/product"}],"replies":[{"embeddable":true,"href":"https:\/\/bestkorb.com\/index.php\/wp-json\/wp\/v2\/comments?post=6392"}],"version-history":[{"count":1,"href":"https:\/\/bestkorb.com\/index.php\/wp-json\/wp\/v2\/product\/6392\/revisions"}],"predecessor-version":[{"id":6411,"href":"https:\/\/bestkorb.com\/index.php\/wp-json\/wp\/v2\/product\/6392\/revisions\/6411"}],"wp:featuredmedia":[{"embeddable":true,"href":"https:\/\/bestkorb.com\/index.php\/wp-json\/wp\/v2\/media\/6406"}],"wp:attachment":[{"href":"https:\/\/bestkorb.com\/index.php\/wp-json\/wp\/v2\/media?parent=6392"}],"wp:term":[{"taxonomy":"product_cat","embeddable":true,"href":"https:\/\/bestkorb.com\/index.php\/wp-json\/wp\/v2\/product_cat?post=6392"},{"taxonomy":"product_tag","embeddable":true,"href":"https:\/\/bestkorb.com\/index.php\/wp-json\/wp\/v2\/product_tag?post=6392"}],"curies":[{"name":"wp","href":"https:\/\/api.w.org\/{rel}","templated":true}]}}