{"id":6354,"date":"2024-11-21T11:55:21","date_gmt":"2024-11-21T10:55:21","guid":{"rendered":"https:\/\/bestkorb.com\/?post_type=product&#038;p=6354"},"modified":"2026-04-22T20:55:31","modified_gmt":"2026-04-22T18:55:31","slug":"korb-aus-kuenstlichem-rattan-28-l-mit-griffen-ideal-fuer-pflanzen-oder-holz","status":"publish","type":"product","link":"https:\/\/bestkorb.com\/index.php\/product\/korb-aus-kuenstlichem-rattan-28-l-mit-griffen-ideal-fuer-pflanzen-oder-holz\/","title":{"rendered":"Korb aus k\u00fcnstlichem Rattan, 27 L mit Griffen &#8211; Ideal f\u00fcr Pflanzen oder Holz"},"content":{"rendered":"<p>Der Korb aus k\u00fcnstlichem Rattanmit Griffen ist eine praktische und stilvolle L\u00f6sung f\u00fcr die Aufbewahrung. Er eignet sich hervorragend f\u00fcr Pflanzen oder Holz und ist eine perfekte Erg\u00e4nzung f\u00fcr Ihr Zuhause. Hergestellt aus hochwertigem, strapazierf\u00e4higem Kunst-Rattan, ist der Korb pflegeleicht und widerstandsf\u00e4hig gegen\u00fcber \u00e4u\u00dferen Einfl\u00fcssen.<\/p>\n<p>Vielseitiges Design: Die T\u00f6pfe sind so gestaltet, dass sie sich nahtlos in verschiedene Einrichtungsstile integrieren lassen. Ob drinnen oder drau\u00dfen, sie schaffen eine harmonische Verbindung zwischen Natur und Ihrem Wohnraum.<\/p>\n<p>Verrottet nicht, bricht nicht, wird nicht nass, verblasst nicht in der Sonne. H\u00e4lt Temperaturen von -50 Grad Celsius bis +50 Grad Celsius stand.<br \/>\nKann drau\u00dfen oder drinnen sein. Sie k\u00f6nnen sofort Pflanzen darin einpflanzen.<\/p>\n<p>Erh\u00e4ltlich in 8 Farben.<br \/>\nFarben und Schattierungen k\u00f6nnen je nach Monitoreinstellungen variieren.<\/p>\n<p>&nbsp;<\/p>\n<p>27 Liter (Durchmesser ca. 45 cm, H\u00f6he ca. 31 cm)<\/p>\n","protected":false},"excerpt":{"rendered":"<p>Der Korb aus k\u00fcnstlichem Rattanmit Griffen ist eine praktische und stilvolle L\u00f6sung f\u00fcr die Aufbewahrung. Er eignet sich hervorragend f\u00fcr Pflanzen oder Holz und ist eine perfekte Erg\u00e4nzung f\u00fcr Ihr Zuhause. Hergestellt aus hochwertigem, strapazierf\u00e4higem Kunst-Rattan, ist der Korb pflegeleicht und widerstandsf\u00e4hig gegen\u00fcber \u00e4u\u00dferen Einfl\u00fcssen. Vielseitiges Design: Die T\u00f6pfe sind so gestaltet, dass sie sich &hellip;<\/p>\n<p class=\"read-more\"> <a class=\"\" href=\"https:\/\/bestkorb.com\/index.php\/product\/korb-aus-kuenstlichem-rattan-28-l-mit-griffen-ideal-fuer-pflanzen-oder-holz\/\"> <span class=\"screen-reader-text\">Korb aus k\u00fcnstlichem Rattan, 27 L mit Griffen &#8211; Ideal f\u00fcr Pflanzen oder Holz<\/span> Weiterlesen &raquo;<\/a><\/p>\n","protected":false},"featured_media":6365,"comment_status":"open","ping_status":"closed","template":"","meta":{"om_disable_all_campaigns":false,"_monsterinsights_skip_tracking":false,"_monsterinsights_sitenote_active":false,"_monsterinsights_sitenote_note":"","_monsterinsights_sitenote_category":0,"site-sidebar-layout":"default","site-content-layout":"","ast-site-content-layout":"default","site-content-style":"default","site-sidebar-style":"default","ast-global-header-display":"","ast-banner-title-visibility":"","ast-main-header-display":"","ast-hfb-above-header-display":"","ast-hfb-below-header-display":"","ast-hfb-mobile-header-display":"","site-post-title":"","ast-breadcrumbs-content":"","ast-featured-img":"","footer-sml-layout":"","theme-transparent-header-meta":"default","adv-header-id-meta":"","stick-header-meta":"","header-above-stick-meta":"","header-main-stick-meta":"","header-below-stick-meta":"","astra-migrate-meta-layouts":"set","ast-page-background-enabled":"default","ast-page-background-meta":{"desktop":{"background-color":"","background-image":"","background-repeat":"repeat","background-position":"center center","background-size":"auto","background-attachment":"scroll","background-type":"","background-media":"","overlay-type":"","overlay-color":"","overlay-gradient":""},"tablet":{"background-color":"","background-image":"","background-repeat":"repeat","background-position":"center center","background-size":"auto","background-attachment":"scroll","background-type":"","background-media":"","overlay-type":"","overlay-color":"","overlay-gradient":""},"mobile":{"background-color":"","background-image":"","background-repeat":"repeat","background-position":"center center","background-size":"auto","background-attachment":"scroll","background-type":"","background-media":"","overlay-type":"","overlay-color":"","overlay-gradient":""}},"ast-content-background-meta":{"desktop":{"background-color":"var(--ast-global-color-5)","background-image":"","background-repeat":"repeat","background-position":"center center","background-size":"auto","background-attachment":"scroll","background-type":"","background-media":"","overlay-type":"","overlay-color":"","overlay-gradient":""},"tablet":{"background-color":"var(--ast-global-color-5)","background-image":"","background-repeat":"repeat","background-position":"center center","background-size":"auto","background-attachment":"scroll","background-type":"","background-media":"","overlay-type":"","overlay-color":"","overlay-gradient":""},"mobile":{"background-color":"var(--ast-global-color-5)","background-image":"","background-repeat":"repeat","background-position":"center center","background-size":"auto","background-attachment":"scroll","background-type":"","background-media":"","overlay-type":"","overlay-color":"","overlay-gradient":""}},"_joinchat":[]},"product_cat":[21],"product_tag":[],"aioseo_notices":[],"_links":{"self":[{"href":"https:\/\/bestkorb.com\/index.php\/wp-json\/wp\/v2\/product\/6354"}],"collection":[{"href":"https:\/\/bestkorb.com\/index.php\/wp-json\/wp\/v2\/product"}],"about":[{"href":"https:\/\/bestkorb.com\/index.php\/wp-json\/wp\/v2\/types\/product"}],"replies":[{"embeddable":true,"href":"https:\/\/bestkorb.com\/index.php\/wp-json\/wp\/v2\/comments?post=6354"}],"version-history":[{"count":2,"href":"https:\/\/bestkorb.com\/index.php\/wp-json\/wp\/v2\/product\/6354\/revisions"}],"predecessor-version":[{"id":6693,"href":"https:\/\/bestkorb.com\/index.php\/wp-json\/wp\/v2\/product\/6354\/revisions\/6693"}],"wp:featuredmedia":[{"embeddable":true,"href":"https:\/\/bestkorb.com\/index.php\/wp-json\/wp\/v2\/media\/6365"}],"wp:attachment":[{"href":"https:\/\/bestkorb.com\/index.php\/wp-json\/wp\/v2\/media?parent=6354"}],"wp:term":[{"taxonomy":"product_cat","embeddable":true,"href":"https:\/\/bestkorb.com\/index.php\/wp-json\/wp\/v2\/product_cat?post=6354"},{"taxonomy":"product_tag","embeddable":true,"href":"https:\/\/bestkorb.com\/index.php\/wp-json\/wp\/v2\/product_tag?post=6354"}],"curies":[{"name":"wp","href":"https:\/\/api.w.org\/{rel}","templated":true}]}}