{"id":5796,"date":"2024-05-31T22:39:10","date_gmt":"2024-05-31T20:39:10","guid":{"rendered":"https:\/\/bestkorb.com\/?post_type=product&#038;p=5796"},"modified":"2026-04-22T21:27:04","modified_gmt":"2026-04-22T19:27:04","slug":"handgemachte-rattankoerbe-fuer-blumen-12l-wetterfest","status":"publish","type":"product","link":"https:\/\/bestkorb.com\/index.php\/product\/handgemachte-rattankoerbe-fuer-blumen-12l-wetterfest\/","title":{"rendered":"Handgemachte Rattank\u00f6rbe f\u00fcr Blumen,  Zylinder 12L. Wetterfest"},"content":{"rendered":"<p>Handgefertigte K\u00fcnstliche Rattank\u00f6rbe<br \/>\n\ud83c\udf31 Wetterfest: Hergestellt aus langlebigen Materialien, die Regen, Sonne und Wind trotzen.<br \/>\n\ud83c\udf31 Farbbest\u00e4ndig: Sie behalten ihr Aussehen und ihre Farbbrillanz in der sengenden Sonne, bei Frost und Feuchtigkeit.<br \/>\n\ud83c\udf31 Integrierte Kunststoffbasis: Pflanze deine Blumen direkt in den Topf, ohne zus\u00e4tzlichen Einsatz.<\/p>\n<p>Robust und Langlebig: Jeder Blumentopf ist handgefertigt und sorgf\u00e4ltig konzipiert, um nicht nur \u00e4sthetisch ansprechend zu sein, sondern auch robust und langlebig. Das k\u00fcnstliche Rattan ist wetterbest\u00e4ndig und beh\u00e4lt seine Form \u00fcber die Zeit.<\/p>\n<p>Vielseitiges Design: Die T\u00f6pfe sind so gestaltet, dass sie sich nahtlos in verschiedene Einrichtungsstile integrieren lassen. Ob drinnen oder drau\u00dfen, sie schaffen eine harmonische Verbindung zwischen Natur und Ihrem Wohnraum.<\/p>\n<p>Verrottet nicht, bricht nicht, wird nicht nass, verblasst nicht in der Sonne. H\u00e4lt Temperaturen von -50 Grad Celsius bis +50 Grad Celsius stand.<br \/>\nKann drau\u00dfen oder drinnen sein. Sie k\u00f6nnen sofort Pflanzen darin einpflanzen.<\/p>\n<p>Hergestellt aus hochwertigem k\u00fcnstlichem Rattan sind sie langlebig und einfach zu pflegen.<\/p>\n<p>Erh\u00e4ltlich in 8 Farben.<br \/>\nFarben und Schattierungen k\u00f6nnen je nach Monitoreinstellungen variieren.<\/p>\n<p>&nbsp;<\/p>\n<p>Wenn Sie eine pers\u00f6nliche Inschrift ben\u00f6tigen, teilen Sie uns dies bitte mit, ansonsten erhalten Sie den Korb ohne Medaillon<\/p>\n<p>&nbsp;<\/p>\n<p>12 Liter (Durchmesser ca. 32 cm, H\u00f6he ca. 50 cm)<\/p>\n<p>Sie k\u00f6nnen Erde nur bis zur halben H\u00f6he des Topfes einf\u00fcllen.<\/p>\n<p>&nbsp;<\/p>\n","protected":false},"excerpt":{"rendered":"<p>Handgefertigte K\u00fcnstliche Rattank\u00f6rbe \ud83c\udf31 Wetterfest: Hergestellt aus langlebigen Materialien, die Regen, Sonne und Wind trotzen. \ud83c\udf31 Farbbest\u00e4ndig: Sie behalten ihr Aussehen und ihre Farbbrillanz in der sengenden Sonne, bei Frost und Feuchtigkeit. \ud83c\udf31 Integrierte Kunststoffbasis: Pflanze deine Blumen direkt in den Topf, ohne zus\u00e4tzlichen Einsatz. Robust und Langlebig: Jeder Blumentopf ist handgefertigt und sorgf\u00e4ltig konzipiert, &hellip;<\/p>\n<p class=\"read-more\"> <a class=\"\" href=\"https:\/\/bestkorb.com\/index.php\/product\/handgemachte-rattankoerbe-fuer-blumen-12l-wetterfest\/\"> <span class=\"screen-reader-text\">Handgemachte Rattank\u00f6rbe f\u00fcr Blumen,  Zylinder 12L. Wetterfest<\/span> Weiterlesen &raquo;<\/a><\/p>\n","protected":false},"featured_media":5786,"comment_status":"open","ping_status":"closed","template":"","meta":{"om_disable_all_campaigns":false,"_monsterinsights_skip_tracking":false,"_monsterinsights_sitenote_active":false,"_monsterinsights_sitenote_note":"","_monsterinsights_sitenote_category":0,"site-sidebar-layout":"default","site-content-layout":"","ast-site-content-layout":"default","site-content-style":"default","site-sidebar-style":"default","ast-global-header-display":"","ast-banner-title-visibility":"","ast-main-header-display":"","ast-hfb-above-header-display":"","ast-hfb-below-header-display":"","ast-hfb-mobile-header-display":"","site-post-title":"","ast-breadcrumbs-content":"","ast-featured-img":"","footer-sml-layout":"","theme-transparent-header-meta":"default","adv-header-id-meta":"","stick-header-meta":"","header-above-stick-meta":"","header-main-stick-meta":"","header-below-stick-meta":"","astra-migrate-meta-layouts":"set","ast-page-background-enabled":"default","ast-page-background-meta":{"desktop":{"background-color":"","background-image":"","background-repeat":"repeat","background-position":"center center","background-size":"auto","background-attachment":"scroll","background-type":"","background-media":"","overlay-type":"","overlay-color":"","overlay-gradient":""},"tablet":{"background-color":"","background-image":"","background-repeat":"repeat","background-position":"center center","background-size":"auto","background-attachment":"scroll","background-type":"","background-media":"","overlay-type":"","overlay-color":"","overlay-gradient":""},"mobile":{"background-color":"","background-image":"","background-repeat":"repeat","background-position":"center center","background-size":"auto","background-attachment":"scroll","background-type":"","background-media":"","overlay-type":"","overlay-color":"","overlay-gradient":""}},"ast-content-background-meta":{"desktop":{"background-color":"var(--ast-global-color-5)","background-image":"","background-repeat":"repeat","background-position":"center center","background-size":"auto","background-attachment":"scroll","background-type":"","background-media":"","overlay-type":"","overlay-color":"","overlay-gradient":""},"tablet":{"background-color":"var(--ast-global-color-5)","background-image":"","background-repeat":"repeat","background-position":"center center","background-size":"auto","background-attachment":"scroll","background-type":"","background-media":"","overlay-type":"","overlay-color":"","overlay-gradient":""},"mobile":{"background-color":"var(--ast-global-color-5)","background-image":"","background-repeat":"repeat","background-position":"center center","background-size":"auto","background-attachment":"scroll","background-type":"","background-media":"","overlay-type":"","overlay-color":"","overlay-gradient":""}},"_joinchat":[]},"product_cat":[21],"product_tag":[],"aioseo_notices":[],"_links":{"self":[{"href":"https:\/\/bestkorb.com\/index.php\/wp-json\/wp\/v2\/product\/5796"}],"collection":[{"href":"https:\/\/bestkorb.com\/index.php\/wp-json\/wp\/v2\/product"}],"about":[{"href":"https:\/\/bestkorb.com\/index.php\/wp-json\/wp\/v2\/types\/product"}],"replies":[{"embeddable":true,"href":"https:\/\/bestkorb.com\/index.php\/wp-json\/wp\/v2\/comments?post=5796"}],"version-history":[{"count":4,"href":"https:\/\/bestkorb.com\/index.php\/wp-json\/wp\/v2\/product\/5796\/revisions"}],"predecessor-version":[{"id":6070,"href":"https:\/\/bestkorb.com\/index.php\/wp-json\/wp\/v2\/product\/5796\/revisions\/6070"}],"wp:featuredmedia":[{"embeddable":true,"href":"https:\/\/bestkorb.com\/index.php\/wp-json\/wp\/v2\/media\/5786"}],"wp:attachment":[{"href":"https:\/\/bestkorb.com\/index.php\/wp-json\/wp\/v2\/media?parent=5796"}],"wp:term":[{"taxonomy":"product_cat","embeddable":true,"href":"https:\/\/bestkorb.com\/index.php\/wp-json\/wp\/v2\/product_cat?post=5796"},{"taxonomy":"product_tag","embeddable":true,"href":"https:\/\/bestkorb.com\/index.php\/wp-json\/wp\/v2\/product_tag?post=5796"}],"curies":[{"name":"wp","href":"https:\/\/api.w.org\/{rel}","templated":true}]}}