{"id":5699,"date":"2024-04-08T16:27:10","date_gmt":"2024-04-08T14:27:10","guid":{"rendered":"https:\/\/bestkorb.com\/?page_id=5699"},"modified":"2024-04-09T13:07:43","modified_gmt":"2024-04-09T11:07:43","slug":"partner","status":"publish","type":"page","link":"https:\/\/bestkorb.com\/index.php\/partner\/","title":{"rendered":"Partner"},"content":{"rendered":"\t\t<div data-elementor-type=\"wp-page\" data-elementor-id=\"5699\" class=\"elementor elementor-5699\">\n\t\t\t\t\t\t\t<div class=\"elementor-element elementor-element-2bf199b1 e-con-full e-flex e-con e-parent\" data-id=\"2bf199b1\" data-element_type=\"container\" data-settings=\"{&quot;content_width&quot;:&quot;full&quot;}\" data-core-v316-plus=\"true\">\n\t\t\t\t<div class=\"elementor-element elementor-element-39bd0ce0 elementor-widget elementor-widget-text-editor\" data-id=\"39bd0ce0\" data-element_type=\"widget\" data-widget_type=\"text-editor.default\">\n\t\t\t\t<div class=\"elementor-widget-container\">\n\t\t\t<style>\/*! elementor - v3.17.0 - 25-10-2023 *\/\n.elementor-widget-text-editor.elementor-drop-cap-view-stacked .elementor-drop-cap{background-color:#69727d;color:#fff}.elementor-widget-text-editor.elementor-drop-cap-view-framed .elementor-drop-cap{color:#69727d;border:3px solid;background-color:transparent}.elementor-widget-text-editor:not(.elementor-drop-cap-view-default) .elementor-drop-cap{margin-top:8px}.elementor-widget-text-editor:not(.elementor-drop-cap-view-default) .elementor-drop-cap-letter{width:1em;height:1em}.elementor-widget-text-editor .elementor-drop-cap{float:left;text-align:center;line-height:1;font-size:50px}.elementor-widget-text-editor .elementor-drop-cap-letter{display:inline-block}<\/style>\t\t\t\t<!-- wp:image {\"align\":\"center\",\"id\":5708,\"sizeSlug\":\"full\",\"linkDestination\":\"custom\"} -->\n<figure class=\"wp-block-image aligncenter size-full\"><a href=\"https:\/\/www.garden-cosy.de\/\"><img fetchpriority=\"high\" decoding=\"async\" class=\"alignnone size-medium wp-image-5720\" src=\"http:\/\/bestkorb.com\/wp-content\/uploads\/2024\/04\/DSC09993-300x200.jpg\" alt=\"\" width=\"300\" height=\"200\" srcset=\"https:\/\/bestkorb.com\/wp-content\/uploads\/2024\/04\/DSC09993-300x200.jpg 300w, https:\/\/bestkorb.com\/wp-content\/uploads\/2024\/04\/DSC09993-1024x683.jpg 1024w, https:\/\/bestkorb.com\/wp-content\/uploads\/2024\/04\/DSC09993-768x512.jpg 768w, https:\/\/bestkorb.com\/wp-content\/uploads\/2024\/04\/DSC09993-1536x1024.jpg 1536w, https:\/\/bestkorb.com\/wp-content\/uploads\/2024\/04\/DSC09993-2048x1365.jpg 2048w, https:\/\/bestkorb.com\/wp-content\/uploads\/2024\/04\/DSC09993-600x400.jpg 600w\" sizes=\"(max-width: 300px) 100vw, 300px\" \/> <img decoding=\"async\" class=\"alignnone size-medium wp-image-5721\" src=\"http:\/\/bestkorb.com\/wp-content\/uploads\/2024\/04\/Fotoshooting-Brautpaar-300x194.png\" alt=\"\" width=\"300\" height=\"194\" srcset=\"https:\/\/bestkorb.com\/wp-content\/uploads\/2024\/04\/Fotoshooting-Brautpaar-300x194.png 300w, https:\/\/bestkorb.com\/wp-content\/uploads\/2024\/04\/Fotoshooting-Brautpaar-768x497.png 768w, https:\/\/bestkorb.com\/wp-content\/uploads\/2024\/04\/Fotoshooting-Brautpaar-600x389.png 600w, https:\/\/bestkorb.com\/wp-content\/uploads\/2024\/04\/Fotoshooting-Brautpaar.png 996w\" sizes=\"(max-width: 300px) 100vw, 300px\" \/><img decoding=\"async\" width=\"512\" height=\"106\" class=\"wp-image-5708\" src=\"https:\/\/bestkorb.com\/wp-content\/uploads\/2024\/04\/logo.jpg\" alt=\"\" srcset=\"https:\/\/bestkorb.com\/wp-content\/uploads\/2024\/04\/logo.jpg 512w, https:\/\/bestkorb.com\/wp-content\/uploads\/2024\/04\/logo-300x62.jpg 300w\" sizes=\"(max-width: 512px) 100vw, 512px\" \/><\/a><\/figure>\n<!-- \/wp:image --><!-- wp:heading {\"level\":1} -->\n<h1 class=\"wp-block-heading\">Der Strandkorb im Holzhaus !<\/h1>\n<!-- \/wp:heading --><!-- wp:paragraph -->\n<p>Der garden-cosy ist optimal angepasst f\u00fcr die Aufstellung im heimischen Garten.<br \/>Im garden-cosy sind Ihre Polster ganzj\u00e4hrig vor dem Wetter und Tieren gesch\u00fctzt.<br \/>Der garden-cosy ben\u00f6tigt keine Schutzplane.<br \/>Sie w\u00e4hlen Ihre Farben und Formen frei aus und erschaffen sich so ein optisches Highlight<br \/>f\u00fcr Ihren Garten.<\/p>\n<p><br \/><strong><a href=\"https:\/\/www.garden-cosy.de\/\">garden-cosy<\/a><\/strong> steht f\u00fcr\u2026.<\/p>\n<ul>\n<li>Kundenindividuelle Anfertigung &#8211; Sie w\u00e4hlen Stoffe und Farben frei aus<br \/><br \/><\/li>\n<li>Realisierung von Sonderw\u00fcnschen<br \/><br \/><\/li>\n<li>handwerklich solide Verarbeitung,<br \/><br \/><\/li>\n<li>\u00a0hochwertige Materialien und technisch gut durchdachte L\u00f6sungen.<\/li>\n<!-- \/wp:list-item --><\/ul>\n<!-- \/wp:list --><!-- wp:paragraph -->\n<p><a title=\"\" href=\"https:\/\/www.garden-cosy.de\/\"><span style=\"vertical-align: inherit;\"><span style=\"vertical-align: inherit;\"><span style=\"vertical-align: inherit;\"><span style=\"vertical-align: inherit;\">https:\/\/www.garden-cosy.de\/<\/span><\/span><\/span><\/span><\/a><\/p>\n<!-- \/wp:paragraph --><!-- wp:gallery {\"linkTo\":\"none\"} -->\n<figure class=\"wp-block-gallery has-nested-images columns-default is-cropped\"><!-- wp:image {\"id\":5716,\"sizeSlug\":\"large\",\"linkDestination\":\"none\"} -->\n<figure class=\"wp-block-image size-large\"><img loading=\"lazy\" decoding=\"async\" width=\"1024\" height=\"576\" class=\"wp-image-5716\" src=\"https:\/\/bestkorb.com\/wp-content\/uploads\/2024\/04\/20230529_105836-Einwilligung-1-1024x576.jpg\" alt=\"\" srcset=\"https:\/\/bestkorb.com\/wp-content\/uploads\/2024\/04\/20230529_105836-Einwilligung-1-1024x576.jpg 1024w, https:\/\/bestkorb.com\/wp-content\/uploads\/2024\/04\/20230529_105836-Einwilligung-1-300x169.jpg 300w, https:\/\/bestkorb.com\/wp-content\/uploads\/2024\/04\/20230529_105836-Einwilligung-1-768x432.jpg 768w, https:\/\/bestkorb.com\/wp-content\/uploads\/2024\/04\/20230529_105836-Einwilligung-1-1536x864.jpg 1536w, https:\/\/bestkorb.com\/wp-content\/uploads\/2024\/04\/20230529_105836-Einwilligung-1-2048x1152.jpg 2048w, https:\/\/bestkorb.com\/wp-content\/uploads\/2024\/04\/20230529_105836-Einwilligung-1-600x338.jpg 600w\" sizes=\"(max-width: 1024px) 100vw, 1024px\" \/><\/figure>\n<!-- \/wp:image --><\/figure>\n<!-- \/wp:gallery -->\t\t\t\t\t\t<\/div>\n\t\t\t\t<\/div>\n\t\t\t\t<\/div>\n\t\t\t\t\t\t\t<\/div>\n\t\t","protected":false},"excerpt":{"rendered":"<p>Der Strandkorb im Holzhaus ! Der garden-cosy ist optimal angepasst f\u00fcr die Aufstellung im heimischen Garten.Im garden-cosy sind Ihre Polster ganzj\u00e4hrig vor dem Wetter und Tieren gesch\u00fctzt.Der garden-cosy ben\u00f6tigt keine Schutzplane.Sie w\u00e4hlen Ihre Farben und Formen frei aus und erschaffen sich so ein optisches Highlightf\u00fcr Ihren Garten. garden-cosy steht f\u00fcr\u2026. Kundenindividuelle Anfertigung &#8211; Sie w\u00e4hlen &hellip;<\/p>\n<p class=\"read-more\"> <a class=\"\" href=\"https:\/\/bestkorb.com\/index.php\/partner\/\"> <span class=\"screen-reader-text\">Partner<\/span> Weiterlesen &raquo;<\/a><\/p>\n","protected":false},"author":1,"featured_media":0,"parent":0,"menu_order":0,"comment_status":"closed","ping_status":"closed","template":"","meta":{"om_disable_all_campaigns":false,"_monsterinsights_skip_tracking":false,"_monsterinsights_sitenote_active":false,"_monsterinsights_sitenote_note":"","_monsterinsights_sitenote_category":0,"site-sidebar-layout":"default","site-content-layout":"","ast-site-content-layout":"default","site-content-style":"default","site-sidebar-style":"default","ast-global-header-display":"","ast-banner-title-visibility":"","ast-main-header-display":"","ast-hfb-above-header-display":"","ast-hfb-below-header-display":"","ast-hfb-mobile-header-display":"","site-post-title":"disabled","ast-breadcrumbs-content":"","ast-featured-img":"","footer-sml-layout":"","theme-transparent-header-meta":"","adv-header-id-meta":"","stick-header-meta":"","header-above-stick-meta":"","header-main-stick-meta":"","header-below-stick-meta":"","astra-migrate-meta-layouts":"set","ast-page-background-enabled":"default","ast-page-background-meta":{"desktop":{"background-color":"","background-image":"","background-repeat":"repeat","background-position":"center center","background-size":"auto","background-attachment":"scroll","background-type":"","background-media":"","overlay-type":"","overlay-color":"","overlay-gradient":""},"tablet":{"background-color":"","background-image":"","background-repeat":"repeat","background-position":"center center","background-size":"auto","background-attachment":"scroll","background-type":"","background-media":"","overlay-type":"","overlay-color":"","overlay-gradient":""},"mobile":{"background-color":"","background-image":"","background-repeat":"repeat","background-position":"center center","background-size":"auto","background-attachment":"scroll","background-type":"","background-media":"","overlay-type":"","overlay-color":"","overlay-gradient":""}},"ast-content-background-meta":{"desktop":{"background-color":"var(--ast-global-color-5)","background-image":"","background-repeat":"repeat","background-position":"center center","background-size":"auto","background-attachment":"scroll","background-type":"","background-media":"","overlay-type":"","overlay-color":"","overlay-gradient":""},"tablet":{"background-color":"var(--ast-global-color-5)","background-image":"","background-repeat":"repeat","background-position":"center center","background-size":"auto","background-attachment":"scroll","background-type":"","background-media":"","overlay-type":"","overlay-color":"","overlay-gradient":""},"mobile":{"background-color":"var(--ast-global-color-5)","background-image":"","background-repeat":"repeat","background-position":"center center","background-size":"auto","background-attachment":"scroll","background-type":"","background-media":"","overlay-type":"","overlay-color":"","overlay-gradient":""}},"footnotes":"","_joinchat":[]},"aioseo_notices":[],"_links":{"self":[{"href":"https:\/\/bestkorb.com\/index.php\/wp-json\/wp\/v2\/pages\/5699"}],"collection":[{"href":"https:\/\/bestkorb.com\/index.php\/wp-json\/wp\/v2\/pages"}],"about":[{"href":"https:\/\/bestkorb.com\/index.php\/wp-json\/wp\/v2\/types\/page"}],"author":[{"embeddable":true,"href":"https:\/\/bestkorb.com\/index.php\/wp-json\/wp\/v2\/users\/1"}],"replies":[{"embeddable":true,"href":"https:\/\/bestkorb.com\/index.php\/wp-json\/wp\/v2\/comments?post=5699"}],"version-history":[{"count":12,"href":"https:\/\/bestkorb.com\/index.php\/wp-json\/wp\/v2\/pages\/5699\/revisions"}],"predecessor-version":[{"id":5758,"href":"https:\/\/bestkorb.com\/index.php\/wp-json\/wp\/v2\/pages\/5699\/revisions\/5758"}],"wp:attachment":[{"href":"https:\/\/bestkorb.com\/index.php\/wp-json\/wp\/v2\/media?parent=5699"}],"curies":[{"name":"wp","href":"https:\/\/api.w.org\/{rel}","templated":true}]}}